{"id":2,"date":"2024-02-23T19:54:46","date_gmt":"2024-02-23T19:54:46","guid":{"rendered":"http:\/\/www.sadesigncreative.com\/?page_id=2"},"modified":"2024-02-29T17:59:38","modified_gmt":"2024-02-29T17:59:38","slug":"sample-page","status":"publish","type":"page","link":"http:\/\/www.sadesigncreative.com\/?page_id=2","title":{"rendered":"Sample Page"},"content":{"rendered":"\n<p>Ho\u015f Geldiniz!<\/p>\n\n\n\n<p>Sadesign Creative yarat\u0131c\u0131 ve yenilik\u00e7i \u00e7\u00f6z\u00fcmler sunan bir tasar\u0131m st\u00fcdyosudur. Grafik tasar\u0131m, ambalaj tasar\u0131m\u0131, proje y\u00f6netimi ve marka dan\u0131\u015fmanl\u0131\u011f\u0131 konular\u0131nda geni\u015f bir deneyime sahiptir.<\/p>\n\n\n\n<blockquote class=\"wp-block-quote\">\n<p>M\u00fc\u015fteri odakl\u0131 yakla\u015f\u0131m\u0131m\u0131z ve kaliteye verdi\u011fimiz \u00f6nem sayesinde, her bir proje i\u00e7in \u00f6zel ve etkileyici tasar\u0131mlar sunar\u0131z.<\/p>\n<\/blockquote>\n\n\n\n<p>Her projede m\u00fc\u015fterilerimizin i\u015flerini bir ad\u0131m \u00f6teye ta\u015f\u0131mak i\u00e7in \u00e7al\u0131\u015f\u0131r\u0131z. Yarat\u0131c\u0131 \u00e7\u00f6z\u00fcmlerimizle markalar\u0131n hedeflerine ula\u015fmalar\u0131na yard\u0131mc\u0131 olmak ve onlar\u0131n ba\u015far\u0131lar\u0131n\u0131 payla\u015fmak bizim en b\u00fcy\u00fck motivasyonumuzdur.<\/p>\n\n\n\n<blockquote class=\"wp-block-quote\">\n<p>Bizimle \u00e7al\u0131\u015fmay\u0131 d\u00fc\u015f\u00fcnen herkese, projelerindeki hedeflerine ula\u015fmalar\u0131na yard\u0131mc\u0131 olmak i\u00e7in buraday\u0131z. Sizi de aram\u0131zda g\u00f6rmekten ve birlikte harika i\u015flere imza atmaktan mutluluk duyar\u0131z!<\/p>\n<\/blockquote>\n","protected":false},"excerpt":{"rendered":"<p>Ho\u015f Geldiniz! Sadesign Creative yarat\u0131c\u0131 ve yenilik\u00e7i \u00e7\u00f6z\u00fcmler sunan bir tasar\u0131m st\u00fcdyosudur. Grafik tasar\u0131m, ambalaj tasar\u0131m\u0131, proje y\u00f6netimi ve marka dan\u0131\u015fmanl\u0131\u011f\u0131 konular\u0131nda geni\u015f bir deneyime sahiptir. M\u00fc\u015fteri odakl\u0131 yakla\u015f\u0131m\u0131m\u0131z ve kaliteye verdi\u011fimiz \u00f6nem sayesinde, her bir proje i\u00e7in \u00f6zel ve etkileyici tasar\u0131mlar sunar\u0131z. Her projede m\u00fc\u015fterilerimizin i\u015flerini bir ad\u0131m \u00f6teye ta\u015f\u0131mak i\u00e7in \u00e7al\u0131\u015f\u0131r\u0131z. Yarat\u0131c\u0131 \u00e7\u00f6z\u00fcmlerimizle [&hellip;]<\/p>\n","protected":false},"author":1,"featured_media":0,"parent":0,"menu_order":0,"comment_status":"closed","ping_status":"open","template":"","meta":{"footnotes":""},"_links":{"self":[{"href":"http:\/\/www.sadesigncreative.com\/index.php?rest_route=\/wp\/v2\/pages\/2"}],"collection":[{"href":"http:\/\/www.sadesigncreative.com\/index.php?rest_route=\/wp\/v2\/pages"}],"about":[{"href":"http:\/\/www.sadesigncreative.com\/index.php?rest_route=\/wp\/v2\/types\/page"}],"author":[{"embeddable":true,"href":"http:\/\/www.sadesigncreative.com\/index.php?rest_route=\/wp\/v2\/users\/1"}],"replies":[{"embeddable":true,"href":"http:\/\/www.sadesigncreative.com\/index.php?rest_route=%2Fwp%2Fv2%2Fcomments&post=2"}],"version-history":[{"count":2,"href":"http:\/\/www.sadesigncreative.com\/index.php?rest_route=\/wp\/v2\/pages\/2\/revisions"}],"predecessor-version":[{"id":27,"href":"http:\/\/www.sadesigncreative.com\/index.php?rest_route=\/wp\/v2\/pages\/2\/revisions\/27"}],"wp:attachment":[{"href":"http:\/\/www.sadesigncreative.com\/index.php?rest_route=%2Fwp%2Fv2%2Fmedia&parent=2"}],"curies":[{"name":"wp","href":"https:\/\/api.w.org\/{rel}","templated":true}]}}